{"id":128,"date":"2022-09-30T18:40:44","date_gmt":"2022-09-30T18:40:44","guid":{"rendered":"http:\/\/restauracja-aleksandria.pl\/?page_id=128"},"modified":"2022-09-30T18:40:44","modified_gmt":"2022-09-30T18:40:44","slug":"gorace-napoje","status":"publish","type":"page","link":"http:\/\/restauracja-aleksandria.pl\/index.php\/menu\/dania\/gorace-napoje\/","title":{"rendered":"Gor\u0105ce napoje"},"content":{"rendered":"<p class=\"fonts-plugin-block \" style=\"font-weight: normal;font-size: 25px;line-height: 1.5\">Kawa parzona<br>Kawa rozpuszczalna<br>Kawa z ekspresu<br>Kawa espresso<br>Kawa latte<br>Kawa macchiato<br>Cappuccino<br>Gor\u0105ca czekolada<br>Herbata z cytrynk\u0105 w dzbanku<br>Herbata owocowa w dzbanku<br>Herbatka zimowa (z miodem ,imbirem ,cynamonem, pomara\u0144cz\u0105, cytryn\u0105, go\u017adzikami)<\/p>\n\n<p class=\"fonts-plugin-block \" style=\"font-weight: normal;font-size: 25px;line-height: 1.5\"><br>Dodatki:<br>Mleczko do kawy<br>Cytryna<br>Sok malinowy<\/p>","protected":false},"excerpt":{"rendered":"","protected":false},"author":1,"featured_media":0,"parent":82,"menu_order":0,"comment_status":"closed","ping_status":"closed","template":"","meta":[],"_links":{"self":[{"href":"http:\/\/restauracja-aleksandria.pl\/index.php\/wp-json\/wp\/v2\/pages\/128"}],"collection":[{"href":"http:\/\/restauracja-aleksandria.pl\/index.php\/wp-json\/wp\/v2\/pages"}],"about":[{"href":"http:\/\/restauracja-aleksandria.pl\/index.php\/wp-json\/wp\/v2\/types\/page"}],"author":[{"embeddable":true,"href":"http:\/\/restauracja-aleksandria.pl\/index.php\/wp-json\/wp\/v2\/users\/1"}],"replies":[{"embeddable":true,"href":"http:\/\/restauracja-aleksandria.pl\/index.php\/wp-json\/wp\/v2\/comments?post=128"}],"version-history":[{"count":1,"href":"http:\/\/restauracja-aleksandria.pl\/index.php\/wp-json\/wp\/v2\/pages\/128\/revisions"}],"predecessor-version":[{"id":129,"href":"http:\/\/restauracja-aleksandria.pl\/index.php\/wp-json\/wp\/v2\/pages\/128\/revisions\/129"}],"up":[{"embeddable":true,"href":"http:\/\/restauracja-aleksandria.pl\/index.php\/wp-json\/wp\/v2\/pages\/82"}],"wp:attachment":[{"href":"http:\/\/restauracja-aleksandria.pl\/index.php\/wp-json\/wp\/v2\/media?parent=128"}],"curies":[{"name":"wp","href":"https:\/\/api.w.org\/{rel}","templated":true}]}}