{"id":147,"date":"2022-09-30T19:05:49","date_gmt":"2022-09-30T19:05:49","guid":{"rendered":"http:\/\/restauracja-aleksandria.pl\/?page_id=147"},"modified":"2022-09-30T19:05:49","modified_gmt":"2022-09-30T19:05:49","slug":"zupy","status":"publish","type":"page","link":"http:\/\/restauracja-aleksandria.pl\/index.php\/menu\/dania\/zupy\/","title":{"rendered":"Zupy"},"content":{"rendered":"<p class=\"fonts-plugin-block \" style=\"font-weight: normal;font-size: 25px;line-height: 1.5\">Ros\u00f3\u0142 z makaronem<br>Pomidorowa z makaronem<br>\u017burek<br>Zupa dyniowa z dodatkami<br>Barszcz czysty<br>Barszcz z krokietem<br>Bulion<\/p>","protected":false},"excerpt":{"rendered":"","protected":false},"author":1,"featured_media":0,"parent":82,"menu_order":0,"comment_status":"closed","ping_status":"closed","template":"","meta":[],"_links":{"self":[{"href":"http:\/\/restauracja-aleksandria.pl\/index.php\/wp-json\/wp\/v2\/pages\/147"}],"collection":[{"href":"http:\/\/restauracja-aleksandria.pl\/index.php\/wp-json\/wp\/v2\/pages"}],"about":[{"href":"http:\/\/restauracja-aleksandria.pl\/index.php\/wp-json\/wp\/v2\/types\/page"}],"author":[{"embeddable":true,"href":"http:\/\/restauracja-aleksandria.pl\/index.php\/wp-json\/wp\/v2\/users\/1"}],"replies":[{"embeddable":true,"href":"http:\/\/restauracja-aleksandria.pl\/index.php\/wp-json\/wp\/v2\/comments?post=147"}],"version-history":[{"count":1,"href":"http:\/\/restauracja-aleksandria.pl\/index.php\/wp-json\/wp\/v2\/pages\/147\/revisions"}],"predecessor-version":[{"id":148,"href":"http:\/\/restauracja-aleksandria.pl\/index.php\/wp-json\/wp\/v2\/pages\/147\/revisions\/148"}],"up":[{"embeddable":true,"href":"http:\/\/restauracja-aleksandria.pl\/index.php\/wp-json\/wp\/v2\/pages\/82"}],"wp:attachment":[{"href":"http:\/\/restauracja-aleksandria.pl\/index.php\/wp-json\/wp\/v2\/media?parent=147"}],"curies":[{"name":"wp","href":"https:\/\/api.w.org\/{rel}","templated":true}]}}