{"id":155,"date":"2022-09-30T19:22:24","date_gmt":"2022-09-30T19:22:24","guid":{"rendered":"http:\/\/restauracja-aleksandria.pl\/?page_id=155"},"modified":"2022-09-30T19:44:42","modified_gmt":"2022-09-30T19:44:42","slug":"srebrne-polmiski-obfitosci34","status":"publish","type":"page","link":"http:\/\/restauracja-aleksandria.pl\/index.php\/menu\/srebrne-polmiski\/srebrne-polmiski-obfitosci34\/","title":{"rendered":"Srebrne p\u00f3\u0142miski obfito\u015bci"},"content":{"rendered":"\n<p class=\"has-text-align-center has-large-font-size\">na r\u00f3\u017cne okazje bez zmartwie\u0144<\/p>\n\n\n<p class=\"fonts-plugin-block \" style=\"font-weight: normal;font-size: 25px\"><strong>3 P\u00f3\u0142misek<\/strong><br>1) 4 szt. szasz\u0142yk\u00f3w<br>2) 3 por. nuggetsy drobiowe<br>3) 3 szt. broccoli<br>4) 3 szt. sakwy g\u00f3rala (schab z oscypkiem)<br>5) 2 por. medalion\u00f3w drobiowych<br>6) 3 szt. kotlety ze szpinakiem i serem feta<br>7) 3 kg ziemniak\u00f3w zasma\u017canych na mase\u0142ku<br>8) 2,5 kg kapusty zasma\u017canej lub zestaw sur\u00f3wek<br><\/p>\n\n<p class=\"fonts-plugin-block \" style=\"font-weight: normal;font-size: 25px\"><strong>4 P\u00f3\u0142misek<\/strong><br>1) 4 szt. broccoli<br>2) 4 szt. kotlet\u00f3w ze szpinakiem i serem feta<br>3) 3 szt. sakwy g\u00f3rala (schab z oscypkiem)<br>4) 3 por. medalion\u00f3w drobiowych<br>5) 4 szt. kotlet\u00f3w schabowych<br>6) 130 klusek, sos<br>7) zestaw sur\u00f3wek<\/p>","protected":false},"excerpt":{"rendered":"<p>na r\u00f3\u017cne okazje bez zmartwie\u0144<\/p>\n","protected":false},"author":1,"featured_media":0,"parent":86,"menu_order":0,"comment_status":"closed","ping_status":"closed","template":"","meta":[],"_links":{"self":[{"href":"http:\/\/restauracja-aleksandria.pl\/index.php\/wp-json\/wp\/v2\/pages\/155"}],"collection":[{"href":"http:\/\/restauracja-aleksandria.pl\/index.php\/wp-json\/wp\/v2\/pages"}],"about":[{"href":"http:\/\/restauracja-aleksandria.pl\/index.php\/wp-json\/wp\/v2\/types\/page"}],"author":[{"embeddable":true,"href":"http:\/\/restauracja-aleksandria.pl\/index.php\/wp-json\/wp\/v2\/users\/1"}],"replies":[{"embeddable":true,"href":"http:\/\/restauracja-aleksandria.pl\/index.php\/wp-json\/wp\/v2\/comments?post=155"}],"version-history":[{"count":4,"href":"http:\/\/restauracja-aleksandria.pl\/index.php\/wp-json\/wp\/v2\/pages\/155\/revisions"}],"predecessor-version":[{"id":170,"href":"http:\/\/restauracja-aleksandria.pl\/index.php\/wp-json\/wp\/v2\/pages\/155\/revisions\/170"}],"up":[{"embeddable":true,"href":"http:\/\/restauracja-aleksandria.pl\/index.php\/wp-json\/wp\/v2\/pages\/86"}],"wp:attachment":[{"href":"http:\/\/restauracja-aleksandria.pl\/index.php\/wp-json\/wp\/v2\/media?parent=155"}],"curies":[{"name":"wp","href":"https:\/\/api.w.org\/{rel}","templated":true}]}}