{"id":159,"date":"2022-09-30T19:27:44","date_gmt":"2022-09-30T19:27:44","guid":{"rendered":"http:\/\/restauracja-aleksandria.pl\/?page_id=159"},"modified":"2022-09-30T19:47:03","modified_gmt":"2022-09-30T19:47:03","slug":"srebrne-polmiski-obfitosci56","status":"publish","type":"page","link":"http:\/\/restauracja-aleksandria.pl\/index.php\/menu\/srebrne-polmiski\/srebrne-polmiski-obfitosci56\/","title":{"rendered":"Srebrne p\u00f3\u0142miski obfito\u015bci"},"content":{"rendered":"\n<p class=\"has-text-align-center has-large-font-size\">na r\u00f3\u017cne okazje bez zmartwie\u0144<\/p>\n\n\n<p class=\"fonts-plugin-block \" style=\"font-weight: normal;font-size: 25px\"><strong>5 P\u00f3\u0142misek<\/strong><br>1) 4 szt. rolady wo\u0142owej<br>2) 4 szt. broccoli<br>3) 4 szt. sakwy g\u00f3rala (schab z oscypkiem)<br>4) 4 por. medalion\u00f3w drobiowych<br>5) 4 szt. de volaille<br>6) 150 klusek, sos<br>7) zestaw sur\u00f3wek<\/p>\n\n<p class=\"fonts-plugin-block \" style=\"font-weight: normal;font-size: 25px\"><br><strong>6 P\u00f3\u0142misek<\/strong><br>1) 6 szt. udek z kaczki<br>2) 4 szt. broccoli<br>3) 4 szt. sakwy g\u00f3rala (schab z oscypkiem)<br>4) 4 szt. kotlet\u00f3w z piersi kurczaka<br>5) 2 szt. schabu z pieczarkami<br>6) 3 kg ziemniak\u00f3w zasma\u017canych<br>7) zestaw sur\u00f3wek<\/p>","protected":false},"excerpt":{"rendered":"<p>na r\u00f3\u017cne okazje bez zmartwie\u0144<\/p>\n","protected":false},"author":1,"featured_media":0,"parent":86,"menu_order":0,"comment_status":"closed","ping_status":"closed","template":"","meta":[],"_links":{"self":[{"href":"http:\/\/restauracja-aleksandria.pl\/index.php\/wp-json\/wp\/v2\/pages\/159"}],"collection":[{"href":"http:\/\/restauracja-aleksandria.pl\/index.php\/wp-json\/wp\/v2\/pages"}],"about":[{"href":"http:\/\/restauracja-aleksandria.pl\/index.php\/wp-json\/wp\/v2\/types\/page"}],"author":[{"embeddable":true,"href":"http:\/\/restauracja-aleksandria.pl\/index.php\/wp-json\/wp\/v2\/users\/1"}],"replies":[{"embeddable":true,"href":"http:\/\/restauracja-aleksandria.pl\/index.php\/wp-json\/wp\/v2\/comments?post=159"}],"version-history":[{"count":2,"href":"http:\/\/restauracja-aleksandria.pl\/index.php\/wp-json\/wp\/v2\/pages\/159\/revisions"}],"predecessor-version":[{"id":172,"href":"http:\/\/restauracja-aleksandria.pl\/index.php\/wp-json\/wp\/v2\/pages\/159\/revisions\/172"}],"up":[{"embeddable":true,"href":"http:\/\/restauracja-aleksandria.pl\/index.php\/wp-json\/wp\/v2\/pages\/86"}],"wp:attachment":[{"href":"http:\/\/restauracja-aleksandria.pl\/index.php\/wp-json\/wp\/v2\/media?parent=159"}],"curies":[{"name":"wp","href":"https:\/\/api.w.org\/{rel}","templated":true}]}}