{"id":86,"date":"2022-09-29T20:24:11","date_gmt":"2022-09-29T20:24:11","guid":{"rendered":"http:\/\/restauracja-aleksandria.pl\/?page_id=86"},"modified":"2022-09-30T19:45:15","modified_gmt":"2022-09-30T19:45:15","slug":"srebrne-polmiski","status":"publish","type":"page","link":"http:\/\/restauracja-aleksandria.pl\/index.php\/menu\/srebrne-polmiski\/","title":{"rendered":"Srebrne p\u00f3\u0142miski"},"content":{"rendered":"\n<p class=\"has-text-align-left\"><a href=\"http:\/\/restauracja-aleksandria.pl\/index.php\/menu\/srebrne-polmiski\/srebrne-polmiski-obfitosci12\/\" data-type=\"page\" data-id=\"153\">P\u00f3\u0142misek 1 i 2<\/a><\/p>\n\n\n\n<p class=\"has-text-align-left\"><a href=\"http:\/\/restauracja-aleksandria.pl\/index.php\/menu\/srebrne-polmiski\/srebrne-polmiski-obfitosci34\/\" data-type=\"page\" data-id=\"155\">P\u00f3\u0142misek 3 i 4<\/a><\/p>\n\n\n\n<p class=\"has-text-align-left\"><a href=\"http:\/\/restauracja-aleksandria.pl\/index.php\/menu\/srebrne-polmiski\/srebrne-polmiski-obfitosci56\/\" data-type=\"page\" data-id=\"159\">P\u00f3\u0142misek 5 i 6<\/a><\/p>\n","protected":false},"excerpt":{"rendered":"<p>P\u00f3\u0142misek 1 i 2 P\u00f3\u0142misek 3 i 4 P\u00f3\u0142misek 5 i 6<\/p>\n","protected":false},"author":1,"featured_media":0,"parent":31,"menu_order":0,"comment_status":"closed","ping_status":"closed","template":"","meta":[],"_links":{"self":[{"href":"http:\/\/restauracja-aleksandria.pl\/index.php\/wp-json\/wp\/v2\/pages\/86"}],"collection":[{"href":"http:\/\/restauracja-aleksandria.pl\/index.php\/wp-json\/wp\/v2\/pages"}],"about":[{"href":"http:\/\/restauracja-aleksandria.pl\/index.php\/wp-json\/wp\/v2\/types\/page"}],"author":[{"embeddable":true,"href":"http:\/\/restauracja-aleksandria.pl\/index.php\/wp-json\/wp\/v2\/users\/1"}],"replies":[{"embeddable":true,"href":"http:\/\/restauracja-aleksandria.pl\/index.php\/wp-json\/wp\/v2\/comments?post=86"}],"version-history":[{"count":4,"href":"http:\/\/restauracja-aleksandria.pl\/index.php\/wp-json\/wp\/v2\/pages\/86\/revisions"}],"predecessor-version":[{"id":171,"href":"http:\/\/restauracja-aleksandria.pl\/index.php\/wp-json\/wp\/v2\/pages\/86\/revisions\/171"}],"up":[{"embeddable":true,"href":"http:\/\/restauracja-aleksandria.pl\/index.php\/wp-json\/wp\/v2\/pages\/31"}],"wp:attachment":[{"href":"http:\/\/restauracja-aleksandria.pl\/index.php\/wp-json\/wp\/v2\/media?parent=86"}],"curies":[{"name":"wp","href":"https:\/\/api.w.org\/{rel}","templated":true}]}}